{"id":626,"date":"2022-11-06T20:56:57","date_gmt":"2022-11-06T20:56:57","guid":{"rendered":"https:\/\/ip.web-team.org\/?page_id=626"},"modified":"2022-11-18T18:56:20","modified_gmt":"2022-11-18T18:56:20","slug":"obaveze-recenzenata","status":"publish","type":"page","link":"https:\/\/ip.web-team.org\/sr-latn\/obaveze-recenzenata\/","title":{"rendered":"Obaveze recenzenata"},"content":{"rendered":"\n<div id=\"wp-block-themeisle-blocks-advanced-columns-94a7c0b0\" class=\"wp-block-themeisle-blocks-advanced-columns has-1-columns has-desktop-equal-layout has-tablet-equal-layout has-mobile-equal-layout has-vertical-unset\"><div class=\"wp-block-themeisle-blocks-advanced-columns-overlay\"><\/div><div class=\"innerblocks-wrap\">\n<div id=\"wp-block-themeisle-blocks-advanced-column-0eed74fd\" class=\"wp-block-themeisle-blocks-advanced-column\">\n<h2 class=\"wp-block-heading\">OBAVEZE RECENZENATA<\/h2>\n\n\n\n<p class=\"im_para has-medium-font-size\">Recenzenti \u010dasopisa <em>Me\u0111unarodni problemi<\/em>\/<em>International Problems<\/em> su du\u017eni da stru\u010dno, argumentovano, nepristrasno i u zadatim rokovima dostave uredniku ocenu nau\u010dne vrednosti rukopisa.<\/p>\n\n\n\n<p class=\"im_para has-medium-font-size\">Recenzenti ocenjuju uskla\u0111enost teme rukopisa sa tematskim okvirom \u010dasopisa, nau\u010dnu relevantnost istra\u017eivane teme i primenjenih metoda, originalnost i nau\u010dni zna\u010daj rezultata predstavljenih u rukopisu, stil nau\u010dnog izlaganja i opremljenost teksta nau\u010dnom aparaturom.<\/p>\n\n\n\n<p class=\"im_para has-medium-font-size\">Recenzent koji ima osnovane sumnje ili saznanja o kr\u0161enju eti\u010dkih standarda propisanih Kodeksom pona\u0161anja u nau\u010dnoistra\u017eiva\u010dkom radu od strane autora du\u017ean je da o tome obavesti glavnog i odgovornog urednika. Recenzent treba da prepozna va\u017ene objavljene radove koje autori nisu citirali. On treba da upozori glavnog i odgovornog urednika i na bitne sli\u010dnosti i podudarnosti izme\u0111u rukopisa koji se razmatra i bilo kojeg drugog objavljenog rada ili rukopisa koji je u postupku recenzije u nekom drugom \u010dasopisu, ako o tome ima li\u010dna saznanja. Ako ima saznanja da je isti rukopis razmatra u vi\u0161e \u010dasopisa u isto vreme, recenzent je du\u017ean da o tome obavesti glavnog i odgovornog urednika.<\/p>\n\n\n\n<p class=\"im_para has-medium-font-size\">Recenzent ne sme da bude u sukobu interesa sa autorima ili finansijerom istra\u017eivanja. Ukoliko postoji sukob interesa, recenzent je du\u017ean da o tome momentalno obavesti glavnog i odgovornog urednika.<\/p>\n\n\n\n<p class=\"im_para has-medium-font-size\">Recenzent koji sebe smatra nekompetentnim za temu ili oblast kojom se rukopis bavi du\u017ean je da o tome obavesti glavnog i odgovornog urednika. Glavni i odgovorni urednik uva\u017ei\u0107e zahtev autora da odre\u0111eni pojedinac ne bude recenzent njihovog rukopisa ako proceni da je taj zahtev valjano obrazlo\u017een i prakti\u010dan.<\/p>\n\n\n\n<p class=\"im_para has-medium-font-size\">Recenzija mora biti objektivna. Sud recenzenata mora biti jasan i potkrepljen argumentima. Uputstvo za recenzente detaljnije propisuje merila i smernice za ocenu rukopisa.<\/p>\n\n\n\n<p class=\"im_para has-medium-font-size\">Rukopisi koji su poslati recenzentu smatraju se poverljivim dokumentima. Recenzenti ne smeju da koriste neobjavljen materijal iz predatih rukopisa za svoja istra\u017eivanja bez izri\u010dite pisane dozvole autora, a informacije i ideje iznesene u predatim rukopisima moraju se \u010duvati kao poverljive i ne smeju se koristiti za sticanje li\u010dne koristi.<\/p>\n<\/div>\n<\/div><\/div>\n","protected":false},"excerpt":{"rendered":"","protected":false},"author":1,"featured_media":0,"parent":0,"menu_order":0,"comment_status":"closed","ping_status":"closed","template":"","meta":{"_monsterinsights_skip_tracking":false,"_monsterinsights_sitenote_active":false,"_monsterinsights_sitenote_note":"","_monsterinsights_sitenote_category":0,"_themeisle_gutenberg_block_has_review":false,"footnotes":""},"class_list":["post-626","page","type-page","status-publish","hentry"],"blocksy_meta":{"styles_descriptor":{"styles":{"desktop":"","tablet":"","mobile":""},"google_fonts":[],"version":6}},"_links":{"self":[{"href":"https:\/\/ip.web-team.org\/sr-latn\/wp-json\/wp\/v2\/pages\/626","targetHints":{"allow":["GET"]}}],"collection":[{"href":"https:\/\/ip.web-team.org\/sr-latn\/wp-json\/wp\/v2\/pages"}],"about":[{"href":"https:\/\/ip.web-team.org\/sr-latn\/wp-json\/wp\/v2\/types\/page"}],"author":[{"embeddable":true,"href":"https:\/\/ip.web-team.org\/sr-latn\/wp-json\/wp\/v2\/users\/1"}],"replies":[{"embeddable":true,"href":"https:\/\/ip.web-team.org\/sr-latn\/wp-json\/wp\/v2\/comments?post=626"}],"version-history":[{"count":3,"href":"https:\/\/ip.web-team.org\/sr-latn\/wp-json\/wp\/v2\/pages\/626\/revisions"}],"predecessor-version":[{"id":980,"href":"https:\/\/ip.web-team.org\/sr-latn\/wp-json\/wp\/v2\/pages\/626\/revisions\/980"}],"wp:attachment":[{"href":"https:\/\/ip.web-team.org\/sr-latn\/wp-json\/wp\/v2\/media?parent=626"}],"curies":[{"name":"wp","href":"https:\/\/api.w.org\/{rel}","templated":true}]}}