{"id":578,"date":"2022-11-06T18:39:03","date_gmt":"2022-11-06T18:39:03","guid":{"rendered":"https:\/\/ip.web-team.org\/?page_id=578"},"modified":"2024-10-15T07:19:18","modified_gmt":"2024-10-15T07:19:18","slug":"izdavacki-savet","status":"publish","type":"page","link":"https:\/\/ip.web-team.org\/sr-latn\/izdavacki-savet\/","title":{"rendered":"Izdava\u010dki savet"},"content":{"rendered":"\n<div id=\"wp-block-themeisle-blocks-advanced-columns-3a53011f\" class=\"wp-block-themeisle-blocks-advanced-columns has-1-columns has-desktop-equal-layout has-tablet-equal-layout has-mobile-equal-layout has-vertical-unset\"><div class=\"wp-block-themeisle-blocks-advanced-columns-overlay\"><\/div><div class=\"innerblocks-wrap\">\n<div id=\"wp-block-themeisle-blocks-advanced-column-18dc4729\" class=\"wp-block-themeisle-blocks-advanced-column\"><\/div>\n<\/div><\/div>\n\n\n\n<h3 class=\"wp-block-heading\">IZDAVA\u010cKI SAVET<\/h3>\n\n\n\n<ul class=\"wp-block-list has-medium-font-size\">\n<li>Prof. dr Dejan JOVI\u0106, redovni profesor, Fakultet politi\u010dkih znanosti Sveu\u010dili\u0161ta u Zagrebu, predsednik<\/li>\n\n\n\n<li>Prof. dr Dragan SIMI\u0106, redovni profesor, Fakultet politi\u010dkih nauka Univerziteta u Beogradu<\/li>\n\n\n\n<li>Prof. dr Mladen MILO\u0160EVI\u0106, redovni profesor, Fakultet bezbednosti Univerziteta u Beogradu<\/li>\n\n\n\n<li>Prof. dr Demetrius ANDREAS FLOUDAS, redovni profesor, Hjuz Hol koled\u017e, Univerzitet u Kembrid\u017eu, Velika Britanija<\/li>\n\n\n\n<li>Prof. dr Robert HEJDEN, profesor emeritus, Centar za ruske i isto\u010dnoevropske studije, Pitsburg, SAD<\/li>\n\n\n\n<li>Prof. dr Irena KIKERKOVA, redovni profesor, Ekonomski fakultet Univerziteta Sv. \u0106irilo i Metodije, Skopl\u0458e, Severna Makedonija<\/li>\n\n\n\n<li>Dr Goran BANDOV, nau\u010dni savetnik, Sveu\u010dili\u0161te u Zagrebu, Hrvatska<\/li>\n\n\n\n<li>Dr Spasimir DOMARADZKI, vi\u0161i istra\u017eiva\u010d, Institut za Centralnu Evropu, Lublin, Pol\u0458ska<\/li>\n\n\n\n<li>Dr Ana BOJINOVI\u0106 FENKO, redovni profesor, Fakultet dru\u0161tvenih nauka, Univerzitet u Ljubl\u0458ani, Slovenija<\/li>\n\n\n\n<li>Prof. dr Dra\u017een DERADO, redovni profesor, Ekonomski fakultet Sveu\u010dili\u0161ta u Splitu, Hrvatska<\/li>\n\n\n\n<li>Dr Sandro KNEZOVI\u0106, nau\u010dni savetnik, Institut za razvoj i me\u0111unarodne odnose, Zagreb, Hrvatska<\/li>\n\n\n\n<li>Prof. dr Zoran JEFTI\u0106, vanredni profesor, Fakultet bezbednosti Univerziteta u Beogradu<\/li>\n\n\n\n<li>Prof. dr Predrag BJELI\u0106, redovni profesor, Ekonomski fakultet Univerziteta u Beogradu<\/li>\n\n\n\n<li>Prof. dr Dejan MIHAILOVI\u0106, redovni profesor, Univerzitet Monterej, Meksiko<\/li>\n\n\n\n<li>Dr Marek HRUBEC, vi\u0161i nau\u010dni saradnik, Centar za globalne studije, Filozofski institut, \u010ce\u0161ka akademija nauka, Prag, \u010ce\u0161ka<\/li>\n<\/ul>\n","protected":false},"excerpt":{"rendered":"<p>IZDAVA\u010cKI SAVET<\/p>\n","protected":false},"author":1,"featured_media":0,"parent":0,"menu_order":0,"comment_status":"closed","ping_status":"closed","template":"","meta":{"_monsterinsights_skip_tracking":false,"_monsterinsights_sitenote_active":false,"_monsterinsights_sitenote_note":"","_monsterinsights_sitenote_category":0,"_themeisle_gutenberg_block_has_review":false,"footnotes":""},"class_list":["post-578","page","type-page","status-publish","hentry"],"blocksy_meta":{"styles_descriptor":{"styles":{"desktop":"","tablet":"","mobile":""},"google_fonts":[],"version":6}},"_links":{"self":[{"href":"https:\/\/ip.web-team.org\/sr-latn\/wp-json\/wp\/v2\/pages\/578","targetHints":{"allow":["GET"]}}],"collection":[{"href":"https:\/\/ip.web-team.org\/sr-latn\/wp-json\/wp\/v2\/pages"}],"about":[{"href":"https:\/\/ip.web-team.org\/sr-latn\/wp-json\/wp\/v2\/types\/page"}],"author":[{"embeddable":true,"href":"https:\/\/ip.web-team.org\/sr-latn\/wp-json\/wp\/v2\/users\/1"}],"replies":[{"embeddable":true,"href":"https:\/\/ip.web-team.org\/sr-latn\/wp-json\/wp\/v2\/comments?post=578"}],"version-history":[{"count":3,"href":"https:\/\/ip.web-team.org\/sr-latn\/wp-json\/wp\/v2\/pages\/578\/revisions"}],"predecessor-version":[{"id":1771,"href":"https:\/\/ip.web-team.org\/sr-latn\/wp-json\/wp\/v2\/pages\/578\/revisions\/1771"}],"wp:attachment":[{"href":"https:\/\/ip.web-team.org\/sr-latn\/wp-json\/wp\/v2\/media?parent=578"}],"curies":[{"name":"wp","href":"https:\/\/api.w.org\/{rel}","templated":true}]}}