{"id":552,"date":"2022-11-06T17:37:54","date_gmt":"2022-11-06T17:37:54","guid":{"rendered":"https:\/\/ip.web-team.org\/?page_id=552"},"modified":"2024-10-29T14:13:48","modified_gmt":"2024-10-29T14:13:48","slug":"clanovi-redakcije","status":"publish","type":"page","link":"https:\/\/ip.web-team.org\/sr-latn\/clanovi-redakcije\/","title":{"rendered":"\u010clanovi redakcije"},"content":{"rendered":"\n<link href=\"https:\/\/ip.web-team.org\/wp-content\/plugins\/impp\/js\/lib\/jquery-ui-1.13.2\/jquery-ui.min.css\" rel=\"stylesheet\">\n<script src=\"https:\/\/ip.web-team.org\/wp-content\/plugins\/impp\/js\/lib\/jquery-ui-1.13.2\/jquery-ui.min.js\">\n<\/script>\n<script>\n jQuery(document).ready( function($) {\n    var icons = {\n      header: \"ui-icon-circle-plus\",\n      activeHeader: \"ui-icon-circle-minus\"\n    };\n    $( \".im_accordcv\" ).accordion({collapsible: true, active: false,\n    animate: 500,\nicons: icons});\n});\n<\/script>\n\n\n\n<h3 class=\"wp-block-heading\">Glavni i odgovorni urednik<\/h3>\n\n\n\n<p class=\"has-medium-font-size\">dr Milo\u0161 Petrovi\u0107<\/p>\n\n\n\n<div class=\"is-layout-constrained wp-block-group im_accordcv\">\n  <div><a href=\"#\"><\/a><\/div>\n\t<div class=\"wp-block-group__inner-container\">\n<p class=\"im_para has-medium-font-size\">Milo\u0161 Petrovi\u0107 je vi\u0161i nau\u010dni saradnik u Institutu za me\u0111unarodnu politiku i privredu, povremeni gostuju\u0107i predava\u010d na Fakultetu politi\u010dkih nauka Univerziteta u Beogradu i glavni i odgovorni urednik \u010dasopisa \u201eMe\u0111unarodni problemi\u201c. Osnovne studije zavr\u0161io je na Fakultetu politi\u010dkih nauka Univerziteta u Beogradu (smer Me\u0111unarodne studije), master diplomu iz domena evropskih integracija stekao na Evropskom institutu Univerziteta Sarland u Sarbrikenu (Nema\u010dka), a doktorsku disertaciju odbranio na Fakultetu politi\u010dkih nauka Univerziteta u Beogradu na temu \u201eNepotpuna integracija kao prepreka politi\u010dkom razvoju Isto\u010dnog partnerstva Evropske unije\u201d. Oblasti njegovog akademskog interesovanja obuhvataju studije Evropske unije (primarno s fokusom na integrativne procese u okviru evropskih politika susedstva i pro\u0161irenja) i savremenu isto\u010dnoevropsku politiku i istoriju (uklju\u010duju\u0107i i JIE). Autor je nekoliko nau\u010dnih monografija i vi\u0161e desetina nau\u010dnih radova. Trenutno je anga\u017eovan na dva me\u0111unarodna nau\u010dna projekta. Pregled njegovih objavl\u0458enih istra\u017eivanja dostupan je <a href=\"https:\/\/www.researchgate.net\/profile\/Milos-Petrovic-12\">ovde<\/a>.<\/p>\n<p>E-mail: <a href=\"mailto:milos.petrovic@diplomacy.bg.ac.rs\">milos.petrovic@diplomacy.bg.ac.rs<\/a><\/p>\n<p><a href=\"https:\/\/enauka.gov.rs\/cris\/rp\/rp08431\/dspaceitems.html\">https:\/\/enauka.gov.rs\/cris\/rp\/rp08431\/dspaceitems.html<\/a><\/p>\n<p><a href=\"https:\/\/www.researchgate.net\/profile\/Milos-Petrovic-12\">https:\/\/www.researchgate.net\/profile\/Milos-Petrovic-12 <\/a><\/p>\n<p><a href=\"https:\/\/orcid.org\/0000-0002-5696-5595\">https:\/\/orcid.org\/0000-0002-5696-5595 <\/a><\/p>\n<p><a href=\"https:\/\/scholar.google.com\/citations?hl=en&#038;user=O2iSM-8AAAAJ\">https:\/\/scholar.google.com\/citations?hl=en&#038;user=O2iSM-8AAAAJ <\/a><\/p>\n\t<\/div>\n<\/div>\n\n\n\n<h3 class=\"wp-block-heading\">Zamenik glavnog i odgovornog urednika<\/h3>\n\n\n\n<p class=\"has-medium-font-size\">dr Ivona La\u0111evac<\/p>\n\n\n\n<div class=\"is-layout-constrained wp-block-group im_accordcv\">\n  <div><a href=\"#\"><\/a><\/div>\n\t<div class=\"wp-block-group__inner-container\">\n\t\t<p class=\"im_para has-medium-font-size\">Dr Ivona La\u0111evac je vi\u0161i nau\u010dni saradnik u Institutu za me\u0111unarodnu politiku i privredu i zamenik glavnog i odgovornog urednika nau\u010dnog \u010dasopisa \u201eMe\u0111unarodni problemi\u201c. Osnovne i magistarske studije zavr\u0161ila je na Fakultetu politi\u010dkih nauka Univerziteta u Beogradu (odsek za me\u0111unarodne odnose), a doktorirala je na Fakultetu bezbednosti odbraniv\u0161i disertaciju \u201eStrate\u0161ko partnerstvo Ruske Federacije i Narodne Republike Kine u kontekstu globalne bezbednosti\u201c. Zavr\u0161ila je specijalizaciju iz oblasti evropskih studija i poha\u0111ala seminare o ja\u010danju kapaciteta javne uprave, radnim migracijama na Balkanu, ja\u010danju kapaciteta prekograni\u010dne saradnje, izradi predloga za nau\u010dne projekte EU, kao i letnju \u0161kolu Ujedinjenih nacija posve\u0107enu izazovima svetskom miru i bezbednosti u novom milenijumu.<\/p>\n\t\t<p class=\"im_para has-medium-font-size\">U\u010destvovala je na po pozivu na vi\u0161e me\u0111unarodnih skupova. Autor je vi\u0161e desetina nau\u010dnih radova, ukl\u0458u\u010duju\u0107i dve monografije, kourednik i urednik je nekoliko tematskih i zbornika radova sa me\u0111unarodnih nau\u010dnih skupova. Glavne oblasti njenog akademskog interesovanja su savremeni me\u0111unarodni odnosi sa te\u017ei\u0161tem na odnosima Kine i Rusije, inicijativi Pojasa i puta, kao i saradnji Kine i zemal\u0458a CIE. Od jula 2022. godine, Ivona je \u010dlan&nbsp; Upravnog odbora&nbsp;Me\u0111unarodnog centra za istra\u017eivanje i obuku u oblasti nauke i tehnologije (<em>CISTRAT<\/em>) pri Kineskoj akademiji nauka i tehnologije. Govori engleski, slu\u017ei se francuskim i u\u010di kineski jezik.<\/p>\n\t\t<p>E-mail: <a href=\"mailto:ivona@diplomacy.bg.ac.rs\">ivona@diplomacy.bg.ac.rs<\/a><\/p>\n<p><a href=\"https:\/\/enauka.gov.rs\/cris\/rp\/rp05532\/dspaceitems.html\">https:\/\/enauka.gov.rs\/cris\/rp\/rp05532\/dspaceitems.html<\/a><\/p>\n\t\t<p><a href=\"https:\/\/orcid.org\/0000-0003-4052-4426\">https:\/\/orcid.org\/0000-0003-4052-4426<\/a><br><a href=\"https:\/\/www.researchgate.net\/profile\/Ivona-Ladevac\">https:\/\/www.researchgate.net\/profile\/Ivona-Ladevac<\/a><br><a href=\"https:\/\/scholar.google.com\/citations?user=KURksOAAAAAJ&amp;hl=en\">https:\/\/scholar.google.com\/citations?user=KURksOAAAAAJ&amp;hl=en<\/a><\/p>\n\t<\/div>\n<\/div>\n\n\n\n<h3 class=\"wp-block-heading\">Sekretar<\/h3>\n\n\n\n<p class=\"has-medium-font-size\">Msr Milan Veselica<\/p>\n\n\n\n<div class=\"is-layout-constrained wp-block-group im_accordcv\">\n  <div><a href=\"#\"><\/a><\/div>\n\t<div class=\"wp-block-group__inner-container\">\n<p class=\"im_para has-medium-font-size\">Msr Milan Veselica je istra\u017eiva\u010d pripavnik Instituta za me\u0111unarodnu politiku i privredu i doktorant politi\u010dkih nauka na Fakultetu politi\u010dkih nauka Univerziteta u Beogradu. Na istom fakultetu je diplomirao me\u0111unarodne studije (modul: Me\u0111unarodna politika) i masterirao politi\u010dke nauke na smeru za politikologiju religije. Sekretar je nau\u010dnog \u010dasopisa International Problems\/Me\u0111unarodni problemi. Dodatno, anga\u017eovan je kao asistent u istra\u017eivanju na me\u0111unarodnom projektu Religion and State Project (RAS), pod rukovodstvom prof. D\u017eonatana Foksa (Jonathan Fox) i dr Ariela Zelmana (Ariel Zellman) sa Univerziteta Bar Ilan, Ramat Gan, Izrael. Glavna oblast Milanovog akademskog interesovanja je odnos religije i politike u savremenom svetu, sa posebnim naglaskom na Rimokatoli\u010dku crkvu kao transnacionalnog verskog aktera, ekumenske i versko-politi\u010dke odnose u Evropi i verski identitet. Pregled njegovih objavljenih radova dostupan je <a href=\"https:\/\/www.researchgate.net\/profile\/Milan-Veselica-4\">ovde<\/a>.<\/p>\n\n\t<p>E-mail: <a href=\"mailto:milan.veselica@diplomacy.bg.ac.rs\">milan.veselica@diplomacy.bg.ac.rs<\/a><\/p>\n\t<p><a href=\"https:\/\/enauka.gov.rs\/browse?type=author&#038;authority=rp33139&#038;authority_lang=en_US\">https:\/\/enauka.gov.rs\/browse?type=author&#038;authority=rp33139&#038;authority_lang=en_US<\/a><\/p>\n\t<p><a href=\"https:\/\/www.researchgate.net\/profile\/Milan-Veselica-4 \">https:\/\/www.researchgate.net\/profile\/Milan-Veselica-4 <\/a><\/p>\n\t<p><a href=\"https:\/\/orcid.org\/0009-0001-1608-3678 \">https:\/\/orcid.org\/0009-0001-1608-3678<\/a><\/p>\n\t<p><a href=\"https:\/\/scholar.google.com\/citations?hl=sr&#038;user=qsHJ_98AAAAJ\">https:\/\/scholar.google.com\/citations?hl=sr&#038;user=qsHJ_98AAAAJ<\/a><\/p>\n\t<p><a href=\"https:\/\/www.ceeol.com\/search\/search-result?f=%7B%22SearchText%22%3A%22Milan%20Veselica%22%2C%22SearchInOption%22%3A%221%22%7D\">https:\/\/www.ceeol.com\/search\/search-result?f=%7B%22SearchText%22%3A%22Milan%20Veselica%22%2C%22SearchInOption%22%3A%221%22%7D<\/a><\/p>\n\t<\/div>\n<\/div>\n\n\n\n<h3 class=\"wp-block-heading has-medium-font-size\">Kontakt<\/h3>\n\n\n\n<p class=\"has-medium-font-size\"><a href=\"mailto:ip@diplomacy.bg.ac.rs\">ip@diplomacy.bg.ac.rs<\/a><\/p>\n","protected":false},"excerpt":{"rendered":"<p>Glavni i odgovorni urednik dr Milo\u0161 Petrovi\u0107 Milo\u0161 Petrovi\u0107 je vi\u0161i nau\u010dni saradnik u Institutu za me\u0111unarodnu politiku i privredu, povremeni gostuju\u0107i predava\u010d na Fakultetu politi\u010dkih nauka Univerziteta u Beogradu i glavni i odgovorni urednik \u010dasopisa \u201eMe\u0111unarodni problemi\u201c. Osnovne studije zavr\u0161io je na Fakultetu politi\u010dkih nauka Univerziteta u Beogradu (smer Me\u0111unarodne studije), master diplomu iz [&hellip;]<\/p>\n","protected":false},"author":1,"featured_media":0,"parent":0,"menu_order":0,"comment_status":"closed","ping_status":"closed","template":"","meta":{"_monsterinsights_skip_tracking":false,"_monsterinsights_sitenote_active":false,"_monsterinsights_sitenote_note":"","_monsterinsights_sitenote_category":0,"_themeisle_gutenberg_block_has_review":false,"footnotes":""},"class_list":["post-552","page","type-page","status-publish","hentry"],"blocksy_meta":{"styles_descriptor":{"styles":{"desktop":"","tablet":"","mobile":""},"google_fonts":[],"version":6}},"_links":{"self":[{"href":"https:\/\/ip.web-team.org\/sr-latn\/wp-json\/wp\/v2\/pages\/552","targetHints":{"allow":["GET"]}}],"collection":[{"href":"https:\/\/ip.web-team.org\/sr-latn\/wp-json\/wp\/v2\/pages"}],"about":[{"href":"https:\/\/ip.web-team.org\/sr-latn\/wp-json\/wp\/v2\/types\/page"}],"author":[{"embeddable":true,"href":"https:\/\/ip.web-team.org\/sr-latn\/wp-json\/wp\/v2\/users\/1"}],"replies":[{"embeddable":true,"href":"https:\/\/ip.web-team.org\/sr-latn\/wp-json\/wp\/v2\/comments?post=552"}],"version-history":[{"count":42,"href":"https:\/\/ip.web-team.org\/sr-latn\/wp-json\/wp\/v2\/pages\/552\/revisions"}],"predecessor-version":[{"id":1807,"href":"https:\/\/ip.web-team.org\/sr-latn\/wp-json\/wp\/v2\/pages\/552\/revisions\/1807"}],"wp:attachment":[{"href":"https:\/\/ip.web-team.org\/sr-latn\/wp-json\/wp\/v2\/media?parent=552"}],"curies":[{"name":"wp","href":"https:\/\/api.w.org\/{rel}","templated":true}]}}