{"id":2132,"date":"2025-09-04T18:34:23","date_gmt":"2025-09-04T18:34:23","guid":{"rendered":"https:\/\/ip.web-team.org\/?page_id=2132"},"modified":"2025-09-04T18:34:23","modified_gmt":"2025-09-04T18:34:23","slug":"politika-upotrebe-ai","status":"publish","type":"page","link":"https:\/\/ip.web-team.org\/sr-latn\/politika-upotrebe-ai\/","title":{"rendered":"Politika upotrebe AI"},"content":{"rendered":"\n<h2 class=\"wp-block-heading\">Politika kori\u0161\u0107enja generativnih AI alata<\/h2>\n\n\n\n<p class=\"im_para has-medium-font-size\">\u201eMe\u0111unarodni problemi\u201c dozvoljavaju kori\u0161\u0107enje generativnih AI alata isklju\u010divo za jezi\u010dko unapre\u0111enje (gramatika, pravopis, interpunkcija i jasno\u0107a izra\u017eavanja). Kori\u0161\u0107enje AI za generisanje sadr\u017eaja, analizu podataka, tuma\u010denje rezultata, izradu su\u0161tinskih delova rukopisa ili kreiranje\/izmenu slika i grafikona je zabranjeno i predstavlja kr\u0161enje autorstva i integriteta istra\u017eivanja.<\/p>\n\n\n\n<p class=\"im_para has-medium-font-size\">Autori moraju da obezbede da se AI koristi samo za jezi\u010dko pobolj\u0161anje i da je kona\u010dni rukopis pregledan i odobren od strane svih autora. AI alati ne mogu biti navedeni kao autori. Nema obaveze prijavljivanja ukoliko se AI koristi isklju\u010divo za jezi\u010dke korekcije; svaka \u0161ira upotreba mora biti prijavljena prilikom predaje i mo\u017ee biti predmet uredni\u010dkog razmatranja. Uredni\u0161tvo zadr\u017eava pravo da odbije ili povu\u010de rad ukoliko upotreba AI ugrozi originalnost ili integritet.<\/p>\n\n\n\n<h2 class=\"wp-block-heading\">Politika kori\u0161\u0107enja AI u procesu recenzije<\/h2>\n\n\n\n<p class=\"im_para has-medium-font-size\">Kori\u0161\u0107enje velikih jezi\u010dkih modela ili drugih AI alata u procesu recenzije \u2014 za analizu rukopisa, izradu recenzija ili formulisanje preporuka \u2014 strogo je zabranjeno. Recenzenti ne smeju da otpremaju rukopise u generativne AI alate. Dozvoljeno je samo kori\u0161\u0107enje AI za unapre\u0111enje gramatike i \u010ditljivosti teksta recenzije.<\/p>\n\n\n\n<p><\/p>\n","protected":false},"excerpt":{"rendered":"<p>Politika kori\u0161\u0107enja generativnih AI alata \u201eMe\u0111unarodni problemi\u201c dozvoljavaju kori\u0161\u0107enje generativnih AI alata isklju\u010divo za jezi\u010dko unapre\u0111enje (gramatika, pravopis, interpunkcija i jasno\u0107a izra\u017eavanja). Kori\u0161\u0107enje AI za generisanje sadr\u017eaja, analizu podataka, tuma\u010denje rezultata, izradu su\u0161tinskih delova rukopisa ili kreiranje\/izmenu slika i grafikona je zabranjeno i predstavlja kr\u0161enje autorstva i integriteta istra\u017eivanja. Autori moraju da obezbede da se [&hellip;]<\/p>\n","protected":false},"author":1,"featured_media":0,"parent":0,"menu_order":0,"comment_status":"closed","ping_status":"closed","template":"","meta":{"_monsterinsights_skip_tracking":false,"_monsterinsights_sitenote_active":false,"_monsterinsights_sitenote_note":"","_monsterinsights_sitenote_category":0,"_themeisle_gutenberg_block_has_review":false,"footnotes":""},"class_list":["post-2132","page","type-page","status-publish","hentry"],"blocksy_meta":[],"_links":{"self":[{"href":"https:\/\/ip.web-team.org\/sr-latn\/wp-json\/wp\/v2\/pages\/2132","targetHints":{"allow":["GET"]}}],"collection":[{"href":"https:\/\/ip.web-team.org\/sr-latn\/wp-json\/wp\/v2\/pages"}],"about":[{"href":"https:\/\/ip.web-team.org\/sr-latn\/wp-json\/wp\/v2\/types\/page"}],"author":[{"embeddable":true,"href":"https:\/\/ip.web-team.org\/sr-latn\/wp-json\/wp\/v2\/users\/1"}],"replies":[{"embeddable":true,"href":"https:\/\/ip.web-team.org\/sr-latn\/wp-json\/wp\/v2\/comments?post=2132"}],"version-history":[{"count":1,"href":"https:\/\/ip.web-team.org\/sr-latn\/wp-json\/wp\/v2\/pages\/2132\/revisions"}],"predecessor-version":[{"id":2133,"href":"https:\/\/ip.web-team.org\/sr-latn\/wp-json\/wp\/v2\/pages\/2132\/revisions\/2133"}],"wp:attachment":[{"href":"https:\/\/ip.web-team.org\/sr-latn\/wp-json\/wp\/v2\/media?parent=2132"}],"curies":[{"name":"wp","href":"https:\/\/api.w.org\/{rel}","templated":true}]}}