{"id":1960,"date":"2025-07-20T08:13:13","date_gmt":"2025-07-20T08:13:13","guid":{"rendered":"https:\/\/ip.web-team.org\/?page_id=1960"},"modified":"2025-09-04T18:48:32","modified_gmt":"2025-09-04T18:48:32","slug":"najave","status":"publish","type":"page","link":"https:\/\/ip.web-team.org\/sr-latn\/najave\/","title":{"rendered":"Najave"},"content":{"rendered":"\n<h2 class=\"wp-block-heading\">Najave<\/h2>\n\n\n\n<div class=\"wp-block-group has-palette-color-5-background-color has-background is-layout-constrained wp-container-core-group-is-layout-19e250f3 wp-block-group-is-layout-constrained\">\n<div class=\"wp-block-columns is-layout-flex wp-container-core-columns-is-layout-28f84493 wp-block-columns-is-layout-flex\">\n<div class=\"wp-block-column is-layout-flow wp-block-column-is-layout-flow\" style=\"flex-basis:10%\">\n<p><strong>29\/08\/2025<\/strong><\/p>\n<\/div>\n\n\n\n<div class=\"wp-block-column is-layout-flow wp-block-column-is-layout-flow\" style=\"flex-basis:90%\">\n<p><strong>USVOJENA POLITIKA UPOTREBE AI<\/strong><\/p>\n<\/div>\n<\/div>\n\n\n\n<p>Usvojena politika upotrebe AI.<\/p>\n<\/div>\n\n\n\n<div class=\"wp-block-group has-palette-color-5-background-color has-background is-layout-constrained wp-container-core-group-is-layout-19e250f3 wp-block-group-is-layout-constrained\">\n<div class=\"wp-block-columns is-layout-flex wp-container-core-columns-is-layout-28f84493 wp-block-columns-is-layout-flex\">\n<div class=\"wp-block-column is-layout-flow wp-block-column-is-layout-flow\" style=\"flex-basis:10%\">\n<p><strong>01\/07\/2025<\/strong><\/p>\n<\/div>\n\n\n\n<div class=\"wp-block-column is-layout-flow wp-block-column-is-layout-flow\" style=\"flex-basis:90%\">\n<p><strong>USPOSTAVLJEN LINKEDIN NALOG<\/strong><\/p>\n<\/div>\n<\/div>\n\n\n\n<p>Uspostavljen je zvani\u010dni <a href=\"https:\/\/www.linkedin.com\/in\/international-problems\/\" target=\"_blank\" rel=\"noopener\" title=\"LinkedIn\">LinkedIn<\/a> nalog \u010casopisa.<\/p>\n<\/div>\n\n\n\n<div class=\"wp-block-group has-palette-color-5-background-color has-background is-layout-constrained wp-container-core-group-is-layout-19e250f3 wp-block-group-is-layout-constrained\">\n<div class=\"wp-block-columns is-layout-flex wp-container-core-columns-is-layout-28f84493 wp-block-columns-is-layout-flex\">\n<div class=\"wp-block-column is-layout-flow wp-block-column-is-layout-flow\" style=\"flex-basis:10%\">\n<p><strong>02\/06\/2025<\/strong><\/p>\n<\/div>\n\n\n\n<div class=\"wp-block-column is-layout-flow wp-block-column-is-layout-flow\" style=\"flex-basis:90%\">\n<p><strong>VIZUELNE IZMENE NA VEB-STRANICI I NASLOVNOJ STRANI \u010cASOPISA<\/strong><\/p>\n<\/div>\n<\/div>\n\n\n\n<p>Zvani\u010dna veb-stranica \u010casopisa dodatno je vizuelno i grafi\u010dki unapre\u0111ena. Tako\u0111e, naslovna strana \u010casopisa je blago izmenjena (od prvog broja za 2025, budu\u0107i da je istekla godina u kojoj je obele\u017een jubilej).<\/p>\n<\/div>\n\n\n\n<div class=\"wp-block-group has-palette-color-5-background-color has-background is-layout-constrained wp-container-core-group-is-layout-19e250f3 wp-block-group-is-layout-constrained\">\n<div class=\"wp-block-columns is-layout-flex wp-container-core-columns-is-layout-28f84493 wp-block-columns-is-layout-flex\">\n<div class=\"wp-block-column is-layout-flow wp-block-column-is-layout-flow\" style=\"flex-basis:10%\">\n<p><strong>03\/02\/2025<\/strong><\/p>\n<\/div>\n\n\n\n<div class=\"wp-block-column is-layout-flow wp-block-column-is-layout-flow\" style=\"flex-basis:90%\">\n<p><strong>SAOP\u0160TENJE PRO\u0160IRENOG KOLEGIJUMA IMPP<\/strong><\/p>\n<\/div>\n<\/div>\n\n\n\n<p>Pro\u0161ireni kolegijum Instituta za me\u0111unarodnu politiku i privredu izdao je saop\u0161tenje podr\u0161ke studentskim protestima (<a href=\"https:\/\/www.diplomacy.bg.ac.rs\/wp-content\/uploads\/2025\/02\/Saopsenje-za-javnost-03.02.2025.pdf\" target=\"_blank\" rel=\"noopener\" title=\"dostupno na stranici izdava\u010da \u2013 IMPP\">dostupno na stranici izdava\u010da \u2013 IMPP<\/a>).<\/p>\n<\/div>\n\n\n\n<div class=\"wp-block-group has-palette-color-5-background-color has-background is-layout-constrained wp-container-core-group-is-layout-19e250f3 wp-block-group-is-layout-constrained\">\n<div class=\"wp-block-columns is-layout-flex wp-container-core-columns-is-layout-28f84493 wp-block-columns-is-layout-flex\">\n<div class=\"wp-block-column is-layout-flow wp-block-column-is-layout-flow\" style=\"flex-basis:10%\">\n<p><strong>31\/12\/2024<\/strong><\/p>\n<\/div>\n\n\n\n<div class=\"wp-block-column is-layout-flow wp-block-column-is-layout-flow\" style=\"flex-basis:90%\">\n<p><strong>SVA \u010cETIRI BROJA \u010cASOPISA OBJAVLJENA PREMA PLANU U 2024. GODINI<\/strong><\/p>\n<\/div>\n<\/div>\n\n\n\n<p>Tokom 2024. godine, kao i prethodnih godina, sva \u010detiri broja \u010casopisa objavljena su u skladu sa tromese\u010dnom dinamikom izla\u017eenja. Sadr\u017eaj je dostupan <a href=\"https:\/\/ip.web-team.org\/arhiva\/2024\/\" title=\"ovde\">ovde<\/a>.<\/p>\n<\/div>\n\n\n\n<div class=\"wp-block-group has-palette-color-5-background-color has-background is-layout-constrained wp-container-core-group-is-layout-19e250f3 wp-block-group-is-layout-constrained\">\n<div class=\"wp-block-columns is-layout-flex wp-container-core-columns-is-layout-28f84493 wp-block-columns-is-layout-flex\">\n<div class=\"wp-block-column is-layout-flow wp-block-column-is-layout-flow\" style=\"flex-basis:10%\">\n<p><strong>13\/12\/2024<\/strong><\/p>\n<\/div>\n\n\n\n<div class=\"wp-block-column is-layout-flow wp-block-column-is-layout-flow\" style=\"flex-basis:90%\">\n<p><strong>ZADR\u017dANA GODI\u0160NjA KATEGORIJA M23<\/strong><\/p>\n<\/div>\n<\/div>\n\n\n\n<p>Ministarstvo nauke, tehnolo\u0161kog razvoja i inovacija Republike Srbije zadr\u017ealo je kategoriju \u010casopisa \u2013 M23. Na toj listi \u201eMe\u0111unarodni problemi\u201c ostaju drugi najvi\u0161i rangirani nacionalni nau\u010dni \u010dasopis u domenu me\u0111unarodnih odnosa i najvi\u0161e rangirani \u010dasopis u zemlji koji izlazi na srpskom jeziku u toj akademskoj oblasti.<\/p>\n<\/div>\n\n\n\n<div class=\"wp-block-group has-palette-color-5-background-color has-background is-layout-constrained wp-container-core-group-is-layout-19e250f3 wp-block-group-is-layout-constrained\">\n<div class=\"wp-block-columns is-layout-flex wp-container-core-columns-is-layout-28f84493 wp-block-columns-is-layout-flex\">\n<div class=\"wp-block-column is-layout-flow wp-block-column-is-layout-flow\" style=\"flex-basis:10%\">\n<p><strong>14\/10\/2024<\/strong><\/p>\n<\/div>\n\n\n\n<div class=\"wp-block-column is-layout-flow wp-block-column-is-layout-flow\" style=\"flex-basis:90%\">\n<p><strong>PROMENE U URE\u0110IVA\u010cKOM ODBORU I IZDAVA\u010cKOM SAVETU<\/strong><\/p>\n<\/div>\n<\/div>\n\n\n\n<p>Izvr\u0161ene su pojedina\u010dne izmene u sastavu <a href=\"https:\/\/ip.web-team.org\/uredivacki-odbor\/\" title=\"Ure\u0111iva\u010dkog odbora\">Ure\u0111iva\u010dkog odbora<\/a> i <a href=\"https:\/\/ip.web-team.org\/izdavacki-savet\/\" title=\"Izdava\u010dkog saveta\">Izdava\u010dkog saveta<\/a>.<\/p>\n<\/div>\n\n\n\n<div class=\"wp-block-group has-palette-color-5-background-color has-background is-layout-constrained wp-container-core-group-is-layout-19e250f3 wp-block-group-is-layout-constrained\">\n<div class=\"wp-block-columns is-layout-flex wp-container-core-columns-is-layout-28f84493 wp-block-columns-is-layout-flex\">\n<div class=\"wp-block-column is-layout-flow wp-block-column-is-layout-flow\" style=\"flex-basis:10%\">\n<p><strong>30\/09\/2024<\/strong><\/p>\n<\/div>\n\n\n\n<div class=\"wp-block-column is-layout-flow wp-block-column-is-layout-flow\" style=\"flex-basis:90%\">\n<p><strong>ONLINE ME\u0110UNARODNI OKRUGLI STO SA SPOLjNIM SARADNICIMA \u010cASOPISA<\/strong><\/p>\n<\/div>\n<\/div>\n\n\n\n<p>Me\u0111unarodni okrugli sto odr\u017ean je sa spoljnim saradnicima \u010casopisa na temu \u201e<a href=\"https:\/\/www.diplomacy.bg.ac.rs\/2024\/09\/30\/medjunarodni-okrugli-sto-politika-prosirenja-eu-izmedju-idealizma-i-realizma\/\" target=\"_blank\" rel=\"noopener\" title=\"Politika pro\u0161irenja EU izme\u0111u idealizma i realizma\">Politika pro\u0161irenja EU izme\u0111u idealizma i realizma<\/a>\u201c. Panel su organizovali IMPP i Fondacija Hans Zajdel. <a href=\"https:\/\/ip.web-team.org\/en\/archive\/2024\/4\/#volumes\" title=\"Radovi dr Jorgosa Hristidisa i dr Milenka Petrovi\u0107a\">Radovi dr Jorgosa Hristidisa i dr Milenka Petrovi\u0107a<\/a> objavljeni su u poslednjem broju \u010casopisa za 2024. godinu.<\/p>\n<\/div>\n\n\n\n<div class=\"wp-block-group has-palette-color-5-background-color has-background is-layout-constrained wp-container-core-group-is-layout-19e250f3 wp-block-group-is-layout-constrained\">\n<div class=\"wp-block-columns is-layout-flex wp-container-core-columns-is-layout-28f84493 wp-block-columns-is-layout-flex\">\n<div class=\"wp-block-column is-layout-flow wp-block-column-is-layout-flow\" style=\"flex-basis:10%\">\n<p><strong>28\/09\/2024<\/strong><\/p>\n<\/div>\n\n\n\n<div class=\"wp-block-column is-layout-flow wp-block-column-is-layout-flow\" style=\"flex-basis:90%\">\n<p><strong>OBJAVLJEN TEMATSKI BROJ \u010cASOPISA U SARADNjI SA FAKULTETOM POLITI\u010cKIH NAUKA<\/strong><\/p>\n<\/div>\n<\/div>\n\n\n\n<p><a href=\"https:\/\/ip.web-team.org\/wp-content\/uploads\/MP\/2024\/3\/2024-3.pdf\" target=\"_blank\" rel=\"noopener\" title=\"Tre\u0107i broj \u010casopisa za 2024. je objavljen\">Tre\u0107i broj \u010casopisa za 2024. je objavljen<\/a> u saradnji sa Fakultetom politi\u010dkih nauka Univerziteta u Beogradu (u okviru projekta \u201eNacionalni interesi Republike Srbije: od osporavanja do legitimizacije \u2013 NATIONAL(s)\u201d).<\/p>\n<\/div>\n\n\n\n<div class=\"wp-block-group has-palette-color-5-background-color has-background is-layout-constrained wp-container-core-group-is-layout-19e250f3 wp-block-group-is-layout-constrained\">\n<div class=\"wp-block-columns is-layout-flex wp-container-core-columns-is-layout-28f84493 wp-block-columns-is-layout-flex\">\n<div class=\"wp-block-column is-layout-flow wp-block-column-is-layout-flow\" style=\"flex-basis:10%\">\n<p><strong>09\/07\/2024<\/strong><\/p>\n<\/div>\n\n\n\n<div class=\"wp-block-column is-layout-flow wp-block-column-is-layout-flow\" style=\"flex-basis:90%\">\n<p><strong>PROMENE U REDAKCIJI<\/strong><\/p>\n<\/div>\n<\/div>\n\n\n\n<p><a href=\"https:\/\/ip.web-team.org\/clanovi-redakcije\/\" title=\"Novi sastav redakcije\">Novi sastav redakcije<\/a> \u010dine dr Milo\u0161 Petrovi\u0107 kao glavni i odgovorni urednik, dr Ivona La\u0111evac kao zamenica glavnog i odgovornog urednika i mr Milan Veselica kao sekretar \u010casopisa.<\/p>\n<\/div>\n\n\n\n<div class=\"wp-block-group has-palette-color-5-background-color has-background is-layout-constrained wp-container-core-group-is-layout-19e250f3 wp-block-group-is-layout-constrained\">\n<div class=\"wp-block-columns is-layout-flex wp-container-core-columns-is-layout-28f84493 wp-block-columns-is-layout-flex\">\n<div class=\"wp-block-column is-layout-flow wp-block-column-is-layout-flow\" style=\"flex-basis:10%\">\n<p><strong>28\/05\/2024<\/strong><\/p>\n<\/div>\n\n\n\n<div class=\"wp-block-column is-layout-flow wp-block-column-is-layout-flow\" style=\"flex-basis:90%\">\n<p><strong>75 GODINA \u010cASOPISA<\/strong><\/p>\n<\/div>\n<\/div>\n\n\n\n<p>Povodom 75 godina kontinuiranog objavljivanja nau\u010dnog \u010dasopisa \u201eMe\u0111unarodni problemi\u201c, Institut za me\u0111unarodnu politiku i privredu i Fakultet politi\u010dkih nauka Univerziteta u Beogradu organizovali su <a href=\"https:\/\/www.diplomacy.bg.ac.rs\/2024\/05\/28\/odrzan-okrugli-sto-u-povodu-75-godina-casopisa-medjunarodni-problemi\/\" target=\"_blank\" rel=\"noopener\" title=\"okrugli sto \u201eTeorije me\u0111unarodnih odnosa nekad i sad\u201c\">okrugli sto \u201eTeorije me\u0111unarodnih odnosa nekad i sad\u201c<\/a>. U \u010dast jubileja \u010casopisa, uz inicijativu i podr\u0161ku \u010dlanova redakcije, <a href=\"https:\/\/www.diplomacy.bg.ac.rs\/wp-content\/uploads\/2025\/01\/Teorija-medjunarodnih-odnosa.pdf\" target=\"_blank\" rel=\"noopener\" title=\"objavljen je zbornik saop\u0161tenja sa nacionalnog skupa\">objavljen je zbornik saop\u0161tenja sa nacionalnog skupa<\/a>. Pored toga, u \u010casopisu je <a href=\"https:\/\/ip.web-team.org\/wp-content\/uploads\/MP\/2024\/4\/MP-2024-4-article-8.pdf\" target=\"_blank\" rel=\"noopener\" title=\"objavljen i prikaz skupa\">objavljen i prikaz skupa<\/a>.<\/p>\n<\/div>\n\n\n\n<div class=\"wp-block-group has-palette-color-5-background-color has-background is-layout-constrained wp-container-core-group-is-layout-19e250f3 wp-block-group-is-layout-constrained\">\n<div class=\"wp-block-columns is-layout-flex wp-container-core-columns-is-layout-28f84493 wp-block-columns-is-layout-flex\">\n<div class=\"wp-block-column is-layout-flow wp-block-column-is-layout-flow\" style=\"flex-basis:10%\">\n<p><strong>29\/03\/2024<\/strong><\/p>\n<\/div>\n\n\n\n<div class=\"wp-block-column is-layout-flow wp-block-column-is-layout-flow\" style=\"flex-basis:90%\">\n<p><strong>NOVA NASLOVNA STRANA<\/strong><\/p>\n<\/div>\n<\/div>\n\n\n\n<p><a href=\"https:\/\/ip.web-team.org\/wp-content\/uploads\/MP\/2024\/1\/2024-1.pdf\" target=\"_blank\" rel=\"noopener\" title=\"Usvojena je nova naslovna strana\">Usvojena je nova naslovna strana<\/a>, inspirisana ranijim naslovnicama \u010dasopisa, u \u010dast 75. godi\u0161njice od osnivanja \u010casopisa.<\/p>\n<\/div>\n\n\n\n<div class=\"wp-block-group has-palette-color-5-background-color has-background is-layout-constrained wp-container-core-group-is-layout-19e250f3 wp-block-group-is-layout-constrained\">\n<div class=\"wp-block-columns is-layout-flex wp-container-core-columns-is-layout-28f84493 wp-block-columns-is-layout-flex\">\n<div class=\"wp-block-column is-layout-flow wp-block-column-is-layout-flow\" style=\"flex-basis:10%\">\n<p><strong>05\/02\/2024<\/strong><\/p>\n<\/div>\n\n\n\n<div class=\"wp-block-column is-layout-flow wp-block-column-is-layout-flow\" style=\"flex-basis:90%\">\n<p><strong>UKLjU\u010cIVANjE U DOAJ (DIRECTORY OF OPEN ACCESS JOURNALS)<\/strong><\/p>\n<\/div>\n<\/div>\n\n\n\n<p>\u010casopis \u201eMe\u0111unarodni problemi\u201c (International Problems), <a href=\"https:\/\/www.diplomacy.bg.ac.rs\/2024\/02\/08\/jos-jedan-casopis-instituta-uvrsten-na-listu-doaj\/\" target=\"_blank\" rel=\"noopener\" title=\"\u010diji je izdava\u010d Institut za me\u0111unarodnu politiku i privredu\">\u010diji je izdava\u010d Institut za me\u0111unarodnu politiku i privredu<\/a>, odlukom od 5. februara 2024. godine uvr\u0161ten je na renomiranu listu DOAJ (Direktorijum \u010dasopisa sa otvorenim pristupom \/ Directory of Open Access Journals). Pristupanje toj listi, koja okuplja \u010dasopise iz 135 dr\u017eava, predstavlja potvrdu kvaliteta ure\u0111iva\u010dke prakse i doprinosi pove\u0107anju me\u0111unarodne vidljivosti \u010dasopisa.<\/p>\n<\/div>\n\n\n\n<div class=\"wp-block-group has-palette-color-5-background-color has-background is-layout-constrained wp-container-core-group-is-layout-19e250f3 wp-block-group-is-layout-constrained\">\n<div class=\"wp-block-columns is-layout-flex wp-container-core-columns-is-layout-28f84493 wp-block-columns-is-layout-flex\">\n<div class=\"wp-block-column is-layout-flow wp-block-column-is-layout-flow\" style=\"flex-basis:10%\">\n<p><strong>29\/12\/2023<\/strong><\/p>\n<\/div>\n\n\n\n<div class=\"wp-block-column is-layout-flow wp-block-column-is-layout-flow\" style=\"flex-basis:90%\">\n<p><strong>SVA \u010cETIRI BROJA \u010cASOPISA OBJAVLJENA PREMA PLANU U 2023. GODINI<\/strong><\/p>\n<\/div>\n<\/div>\n\n\n\n<p>Tokom 2023. godine, kao i prethodnih godina, sva \u010detiri broja \u010casopisa objavljena su u skladu sa tromese\u010dnom dinamikom izla\u017eenja. Sadr\u017eaj je dostupan <a href=\"https:\/\/ip.web-team.org\/arhiva\/2023\/\" title=\"ovde\">ovde<\/a>.<\/p>\n<\/div>\n\n\n\n<div class=\"wp-block-group has-palette-color-5-background-color has-background is-layout-constrained wp-container-core-group-is-layout-19e250f3 wp-block-group-is-layout-constrained\">\n<div class=\"wp-block-columns is-layout-flex wp-container-core-columns-is-layout-28f84493 wp-block-columns-is-layout-flex\">\n<div class=\"wp-block-column is-layout-flow wp-block-column-is-layout-flow\" style=\"flex-basis:10%\">\n<p><strong>26\/12\/2023<\/strong><\/p>\n<\/div>\n\n\n\n<div class=\"wp-block-column is-layout-flow wp-block-column-is-layout-flow\" style=\"flex-basis:90%\">\n<p><strong>MINISTARSTVO NAUKE, TEHNOLO\u0160KOG RAZVOJA I INOVACIJA UNAPREDILO KATEGORIJU \u010cASOPISA<\/strong><\/p>\n<\/div>\n<\/div>\n\n\n\n<p>Ministarstvo nauke, tehnolo\u0161kog razvoja i inovacija Republike Srbije unapredilo je kategoriju \u010casopisa u M23. Na toj listi su \u201eMe\u0111unarodni problemi\u201c drugi najvi\u0161i rangirani nacionalni nau\u010dni \u010dasopis u domenu me\u0111unarodnih odnosa i najvi\u0161e rangirani \u010dasopis u zemlji koji izlazi na srpskom jeziku u toj akademskoj oblasti.<\/p>\n<\/div>\n\n\n\n<div class=\"wp-block-group has-palette-color-5-background-color has-background is-layout-constrained wp-container-core-group-is-layout-19e250f3 wp-block-group-is-layout-constrained\">\n<div class=\"wp-block-columns is-layout-flex wp-container-core-columns-is-layout-28f84493 wp-block-columns-is-layout-flex\">\n<div class=\"wp-block-column is-layout-flow wp-block-column-is-layout-flow\" style=\"flex-basis:10%\">\n<p><strong>30\/11\/2023<\/strong><\/p>\n<\/div>\n\n\n\n<div class=\"wp-block-column is-layout-flow wp-block-column-is-layout-flow\" style=\"flex-basis:90%\">\n<p><strong>DIGITALIZOVANE VERZIJE \u010cASOPISA IZ 1949. GODINE<\/strong><\/p>\n<\/div>\n<\/div>\n\n\n\n<p>U susret 75. godi\u0161njici kontinuiranog objavljivanja \u010casopisa u aprilu 2024. godine, digitalizovana su prva \u010detiri broja, prvobitno objavljena 1949. godine (<a href=\"https:\/\/ip.web-team.org\/arhiva-1949\/\" title=\"dostupni na srpskom ovde\">dostupni na srpskom ovde<\/a>).<\/p>\n<\/div>\n\n\n\n<div class=\"wp-block-group has-palette-color-5-background-color has-background is-layout-constrained wp-container-core-group-is-layout-19e250f3 wp-block-group-is-layout-constrained\">\n<div class=\"wp-block-columns is-layout-flex wp-container-core-columns-is-layout-28f84493 wp-block-columns-is-layout-flex\">\n<div class=\"wp-block-column is-layout-flow wp-block-column-is-layout-flow\" style=\"flex-basis:10%\">\n<p><strong>31\/10\/2023<\/strong><\/p>\n<\/div>\n\n\n\n<div class=\"wp-block-column is-layout-flow wp-block-column-is-layout-flow\" style=\"flex-basis:90%\">\n<p><strong>ONLINE ME\u0110UNARODNI OKRUGLI STO SA SPOLjNIM SARADNICIMA \u010cASOPISA<\/strong><\/p>\n<\/div>\n<\/div>\n\n\n\n<p>U saradnji sa Fondacijom Hans Zajdel, IMPP je organizovao me\u0111unarodni onlajn okrugli sto na temu politike pro\u0161irenja EU i Zapadnog Balkana u kontekstu novih geopoliti\u010dkih de\u0161avanja. Izlaganja <a href=\"https:\/\/ip.web-team.org\/en\/archive\/2023\/3\/#volumes\" title=\"dr Grisler, dr Bence Bala\u017ea i prof. Daskalovskog objavljena su u \u010casopisu\">dr Grisler, dr Bence Bala\u017ea i prof. Daskalovskog objavljena su u \u010casopisu<\/a>.<\/p>\n<\/div>\n\n\n\n<div class=\"wp-block-group has-palette-color-5-background-color has-background is-layout-constrained wp-container-core-group-is-layout-19e250f3 wp-block-group-is-layout-constrained\">\n<div class=\"wp-block-columns is-layout-flex wp-container-core-columns-is-layout-28f84493 wp-block-columns-is-layout-flex\">\n<div class=\"wp-block-column is-layout-flow wp-block-column-is-layout-flow\" style=\"flex-basis:10%\">\n<p><strong>15\/03\/2023<\/strong><\/p>\n<\/div>\n\n\n\n<div class=\"wp-block-column is-layout-flow wp-block-column-is-layout-flow\" style=\"flex-basis:90%\">\n<p><strong>UKLjU\u010cIVANjE NA LISTU ERIH PLUS<\/strong><\/p>\n<\/div>\n<\/div>\n\n\n\n<p>\u010casopis \u201eMe\u0111unarodni problemi\u201c <a href=\"https:\/\/www.diplomacy.bg.ac.rs\/2023\/03\/15\/medjunarodni-problemi-na-erih-plus-listi\/\" target=\"_blank\" rel=\"noopener\" title=\"uvr\u0161ten je u ERIH PLUS\">uvr\u0161ten je u ERIH PLUS<\/a> listu nau\u010dnih \u010dasopisa.<\/p>\n<\/div>\n","protected":false},"excerpt":{"rendered":"<p>Najave 29\/08\/2025 USVOJENA POLITIKA UPOTREBE AI Usvojena politika upotrebe AI. 01\/07\/2025 USPOSTAVLJEN LINKEDIN NALOG Uspostavljen je zvani\u010dni LinkedIn nalog \u010casopisa. 02\/06\/2025 VIZUELNE IZMENE NA VEB-STRANICI I NASLOVNOJ STRANI \u010cASOPISA Zvani\u010dna veb-stranica \u010casopisa dodatno je vizuelno i grafi\u010dki unapre\u0111ena. Tako\u0111e, naslovna strana \u010casopisa je blago izmenjena (od prvog broja za 2025, budu\u0107i da je istekla godina [&hellip;]<\/p>\n","protected":false},"author":1,"featured_media":0,"parent":0,"menu_order":0,"comment_status":"closed","ping_status":"closed","template":"","meta":{"_monsterinsights_skip_tracking":false,"_monsterinsights_sitenote_active":false,"_monsterinsights_sitenote_note":"","_monsterinsights_sitenote_category":0,"_themeisle_gutenberg_block_has_review":false,"footnotes":""},"class_list":["post-1960","page","type-page","status-publish","hentry"],"blocksy_meta":[],"_links":{"self":[{"href":"https:\/\/ip.web-team.org\/sr-latn\/wp-json\/wp\/v2\/pages\/1960","targetHints":{"allow":["GET"]}}],"collection":[{"href":"https:\/\/ip.web-team.org\/sr-latn\/wp-json\/wp\/v2\/pages"}],"about":[{"href":"https:\/\/ip.web-team.org\/sr-latn\/wp-json\/wp\/v2\/types\/page"}],"author":[{"embeddable":true,"href":"https:\/\/ip.web-team.org\/sr-latn\/wp-json\/wp\/v2\/users\/1"}],"replies":[{"embeddable":true,"href":"https:\/\/ip.web-team.org\/sr-latn\/wp-json\/wp\/v2\/comments?post=1960"}],"version-history":[{"count":58,"href":"https:\/\/ip.web-team.org\/sr-latn\/wp-json\/wp\/v2\/pages\/1960\/revisions"}],"predecessor-version":[{"id":2142,"href":"https:\/\/ip.web-team.org\/sr-latn\/wp-json\/wp\/v2\/pages\/1960\/revisions\/2142"}],"wp:attachment":[{"href":"https:\/\/ip.web-team.org\/sr-latn\/wp-json\/wp\/v2\/media?parent=1960"}],"curies":[{"name":"wp","href":"https:\/\/api.w.org\/{rel}","templated":true}]}}