{"id":1656,"date":"2024-01-22T18:33:26","date_gmt":"2024-01-22T18:33:26","guid":{"rendered":"https:\/\/ip.web-team.org\/?page_id=1656"},"modified":"2024-01-22T18:38:52","modified_gmt":"2024-01-22T18:38:52","slug":"arhiva-1949","status":"publish","type":"page","link":"https:\/\/ip.web-team.org\/sr-latn\/arhiva-1949\/","title":{"rendered":"Arhiva 1949"},"content":{"rendered":"\n<h2 class=\"wp-block-heading\">Arhiva 1949<\/h2>\n\n\n\n<p class=\"has-medium-font-size\">U \u010dast 75. godi\u0161njice od osnivanja \u010dasopisa &#8220;Me\u0111unarodni problemi&#8221;, digitalizovani su prvi brojevi \u010dasopisa (1\/1949, 2\/1949, dvobroj &#8211; 3-4\/1949), objavljeni u periodu od aprila 1949. zaklju\u010dno s decembrom iste godine.<\/p>\n\n\n\n<p class=\"has-medium-font-size\">Tako\u0111e, kao oma\u017e godi\u0161njici \u010casopisa, redizajnirana je naslovna strana \u010dasopisa za 2024. godinu, rukovode\u0107i se koricom \u010dasopisa iz 1991. godine. Za bli\u017ei uvid, konsultujte digitalnu arhivu za 2024. godinu.<\/p>\n\n\n\n<p class=\"has-medium-font-size\">Publikacijama iz 1949. godine mo\u017eete pristupiti odabirom odgovaraju\u0107eg broja (ispod).<\/p>\n\n\n\n<p><a href=\"https:\/\/ip.web-team.org\/wp-content\/uploads\/MP\/1949\/1949-1.pdf\" target=\"_blank\" rel=\"noopener\" title=\"\">Me\u0111unarodni problemi 1\/1949<\/a><\/p>\n\n\n\n<p><a href=\"https:\/\/ip.web-team.org\/wp-content\/uploads\/MP\/1949\/1949-2.pdf\" target=\"_blank\" rel=\"noopener\" title=\"\">Me\u0111unarodni problemi 2\/1949<\/a><\/p>\n\n\n\n<p><a href=\"https:\/\/ip.web-team.org\/wp-content\/uploads\/MP\/1949\/1949-3-4.pdf\" target=\"_blank\" rel=\"noopener\" title=\"\">Me\u0111unarodni problemi 3\/1949<\/a><\/p>\n","protected":false},"excerpt":{"rendered":"<p>Arhiva 1949 U \u010dast 75. godi\u0161njice od osnivanja \u010dasopisa &#8220;Me\u0111unarodni problemi&#8221;, digitalizovani su prvi brojevi \u010dasopisa (1\/1949, 2\/1949, dvobroj &#8211; 3-4\/1949), objavljeni u periodu od aprila 1949. zaklju\u010dno s decembrom iste godine. Tako\u0111e, kao oma\u017e godi\u0161njici \u010casopisa, redizajnirana je naslovna strana \u010dasopisa za 2024. godinu, rukovode\u0107i se koricom \u010dasopisa iz 1991. godine. Za bli\u017ei uvid, [&hellip;]<\/p>\n","protected":false},"author":1,"featured_media":0,"parent":0,"menu_order":0,"comment_status":"closed","ping_status":"closed","template":"","meta":{"_monsterinsights_skip_tracking":false,"_monsterinsights_sitenote_active":false,"_monsterinsights_sitenote_note":"","_monsterinsights_sitenote_category":0,"_themeisle_gutenberg_block_has_review":false,"footnotes":""},"class_list":["post-1656","page","type-page","status-publish","hentry"],"blocksy_meta":{"styles_descriptor":{"styles":{"desktop":"","tablet":"","mobile":""},"google_fonts":[],"version":6}},"_links":{"self":[{"href":"https:\/\/ip.web-team.org\/sr-latn\/wp-json\/wp\/v2\/pages\/1656","targetHints":{"allow":["GET"]}}],"collection":[{"href":"https:\/\/ip.web-team.org\/sr-latn\/wp-json\/wp\/v2\/pages"}],"about":[{"href":"https:\/\/ip.web-team.org\/sr-latn\/wp-json\/wp\/v2\/types\/page"}],"author":[{"embeddable":true,"href":"https:\/\/ip.web-team.org\/sr-latn\/wp-json\/wp\/v2\/users\/1"}],"replies":[{"embeddable":true,"href":"https:\/\/ip.web-team.org\/sr-latn\/wp-json\/wp\/v2\/comments?post=1656"}],"version-history":[{"count":6,"href":"https:\/\/ip.web-team.org\/sr-latn\/wp-json\/wp\/v2\/pages\/1656\/revisions"}],"predecessor-version":[{"id":1663,"href":"https:\/\/ip.web-team.org\/sr-latn\/wp-json\/wp\/v2\/pages\/1656\/revisions\/1663"}],"wp:attachment":[{"href":"https:\/\/ip.web-team.org\/sr-latn\/wp-json\/wp\/v2\/media?parent=1656"}],"curies":[{"name":"wp","href":"https:\/\/api.w.org\/{rel}","templated":true}]}}