{"id":1260,"date":"2022-12-14T10:24:46","date_gmt":"2022-12-14T10:24:46","guid":{"rendered":"https:\/\/ip.web-team.org\/?page_id=1260"},"modified":"2025-01-21T19:58:10","modified_gmt":"2025-01-21T19:58:10","slug":"slanje-rukopisa-email","status":"publish","type":"page","link":"https:\/\/ip.web-team.org\/sr-latn\/slanje-rukopisa-email\/","title":{"rendered":"Slanje rukopisa &#8211; email"},"content":{"rendered":"\n<div id=\"wp-block-themeisle-blocks-advanced-columns-5d0f4869\" class=\"wp-block-themeisle-blocks-advanced-columns has-1-columns has-desktop-equal-layout has-tablet-equal-layout has-mobile-equal-layout has-vertical-unset\"><div class=\"wp-block-themeisle-blocks-advanced-columns-overlay\"><\/div><div class=\"innerblocks-wrap\">\n<div id=\"wp-block-themeisle-blocks-advanced-column-8245062e\" class=\"wp-block-themeisle-blocks-advanced-column\">\n<h2 class=\"wp-block-heading\">Slanje rukopisa <em>(E-PO\u0160TOM)<\/em><\/h2>\n\n\n\n<p class=\"has-medium-font-size\">Prilikom pripreme i slanja rukopisa, rukovodite se slede\u0107im dokumentima:<\/p>\n\n\n\n<ul class=\"wp-block-list has-medium-font-size\">\n<li><a href=\"https:\/\/ip.web-team.org\/wp-content\/uploads\/doc\/uputstvo_za_autore_2025.pdf?v=1.0\" target=\"_blank\" rel=\"noopener\" title=\"\">Uputstvo za autore<\/a><\/li>\n\n\n\n<li><a href=\"https:\/\/ip.web-team.org\/wp-content\/uploads\/doc\/lista-za-proveru-pre-slanja-rukopisa-(mp-email)-01.pdf\" title=\"\">Lista za proveru pre slanja rukopisa<\/a><\/li>\n\n\n\n<li><a href=\"https:\/\/ip.web-team.org\/wp-content\/uploads\/doc\/izjava-autora-(mp-email)-02.pdf\" title=\"\">Izjava autora<\/a><\/li>\n<\/ul>\n\n\n\n<p class=\"has-medium-font-size\">U slu\u010daju prihvatanja rukopisa za objavljivanje, od Vas \u0107e biti tra\u017eeno da potpi\u0161ete Ugovor o licenci:<\/p>\n\n\n\n<ul class=\"wp-block-list has-medium-font-size\">\n<li><a href=\"https:\/\/ip.web-team.org\/wp-content\/uploads\/doc\/ugovor-o-licenci-(medjunarodni-problemi)-02.pdf\" title=\"\">Ugovor o licenci<\/a><\/li>\n<\/ul>\n<\/div>\n<\/div><\/div>\n","protected":false},"excerpt":{"rendered":"","protected":false},"author":1,"featured_media":0,"parent":0,"menu_order":0,"comment_status":"closed","ping_status":"closed","template":"","meta":{"_monsterinsights_skip_tracking":false,"_monsterinsights_sitenote_active":false,"_monsterinsights_sitenote_note":"","_monsterinsights_sitenote_category":0,"_themeisle_gutenberg_block_has_review":false,"footnotes":""},"class_list":["post-1260","page","type-page","status-publish","hentry"],"blocksy_meta":{"styles_descriptor":{"styles":{"desktop":"","tablet":"","mobile":""},"google_fonts":[],"version":6}},"_links":{"self":[{"href":"https:\/\/ip.web-team.org\/sr-latn\/wp-json\/wp\/v2\/pages\/1260","targetHints":{"allow":["GET"]}}],"collection":[{"href":"https:\/\/ip.web-team.org\/sr-latn\/wp-json\/wp\/v2\/pages"}],"about":[{"href":"https:\/\/ip.web-team.org\/sr-latn\/wp-json\/wp\/v2\/types\/page"}],"author":[{"embeddable":true,"href":"https:\/\/ip.web-team.org\/sr-latn\/wp-json\/wp\/v2\/users\/1"}],"replies":[{"embeddable":true,"href":"https:\/\/ip.web-team.org\/sr-latn\/wp-json\/wp\/v2\/comments?post=1260"}],"version-history":[{"count":16,"href":"https:\/\/ip.web-team.org\/sr-latn\/wp-json\/wp\/v2\/pages\/1260\/revisions"}],"predecessor-version":[{"id":1857,"href":"https:\/\/ip.web-team.org\/sr-latn\/wp-json\/wp\/v2\/pages\/1260\/revisions\/1857"}],"wp:attachment":[{"href":"https:\/\/ip.web-team.org\/sr-latn\/wp-json\/wp\/v2\/media?parent=1260"}],"curies":[{"name":"wp","href":"https:\/\/api.w.org\/{rel}","templated":true}]}}