{"id":2050,"date":"2025-07-20T08:13:13","date_gmt":"2025-07-20T08:13:13","guid":{"rendered":"https:\/\/ip.web-team.org\/announcements\/"},"modified":"2025-09-04T18:50:18","modified_gmt":"2025-09-04T18:50:18","slug":"announcements","status":"publish","type":"page","link":"https:\/\/ip.web-team.org\/en\/announcements\/","title":{"rendered":"Announcements"},"content":{"rendered":"\n<h2 class=\"wp-block-heading\">Announcements<\/h2>\n\n<div class=\"wp-block-group has-palette-color-5-background-color has-background is-layout-constrained wp-container-core-group-is-layout-19e250f3 wp-block-group-is-layout-constrained\">\n<div class=\"wp-block-columns is-layout-flex wp-container-core-columns-is-layout-28f84493 wp-block-columns-is-layout-flex\">\n<div class=\"wp-block-column is-layout-flow wp-block-column-is-layout-flow\" style=\"flex-basis:10%\">\n<p><strong>2025\/08\/29<\/strong><\/p>\n<\/div>\n\n\n\n<div class=\"wp-block-column is-layout-flow wp-block-column-is-layout-flow\" style=\"flex-basis:90%\">\n<p>AI USAGE STATEMENT ADOPTED<\/p>\n<\/div>\n<\/div>\n\n\n\n<p>AI Usage Statement adopted.<\/p>\n<\/div>\n\n<div class=\"wp-block-group has-palette-color-5-background-color has-background is-layout-constrained wp-container-core-group-is-layout-19e250f3 wp-block-group-is-layout-constrained\">\n<div class=\"wp-block-columns is-layout-flex wp-container-core-columns-is-layout-28f84493 wp-block-columns-is-layout-flex\">\n<div class=\"wp-block-column is-layout-flow wp-block-column-is-layout-flow\" style=\"flex-basis:10%\">\n<p><strong>2025\/07\/01<\/strong><\/p>\n<\/div>\n\n\n\n<div class=\"wp-block-column is-layout-flow wp-block-column-is-layout-flow\" style=\"flex-basis:90%\">\n<p><strong>LINKEDIN ACCOUNT ESTABLISHED<\/strong><\/p>\n<\/div>\n<\/div>\n\n\n\n<p>The Journal&#8217;s official <a title=\"LinkedIn\" href=\"https:\/\/www.linkedin.com\/in\/international-problems\/\" target=\"_blank\" rel=\"noopener\">LinkedIn<\/a> account has been established.<\/p>\n<\/div>\n\n<div class=\"wp-block-group has-palette-color-5-background-color has-background is-layout-constrained wp-container-core-group-is-layout-19e250f3 wp-block-group-is-layout-constrained\">\n<div class=\"wp-block-columns is-layout-flex wp-container-core-columns-is-layout-28f84493 wp-block-columns-is-layout-flex\">\n<div class=\"wp-block-column is-layout-flow wp-block-column-is-layout-flow\" style=\"flex-basis:10%\">\n<p><strong>2025\/06\/02<\/strong><\/p>\n<\/div>\n\n\n\n<div class=\"wp-block-column is-layout-flow wp-block-column-is-layout-flow\" style=\"flex-basis:90%\">\n<p><strong>VISUAL UPDATES TO THE WEBSITE AND THE JOURNAL COVER PAGE<\/strong><\/p>\n<\/div>\n<\/div>\n\n\n\n<p>The official website of the Journal has been further visually and graphically improved. Additionally, the cover page of the Journal has been slightly modified (starting with the first issue of 2025, following the conclusion of the anniversary year).<\/p>\n<\/div>\n\n<div class=\"wp-block-group has-palette-color-5-background-color has-background is-layout-constrained wp-container-core-group-is-layout-19e250f3 wp-block-group-is-layout-constrained\">\n<div class=\"wp-block-columns is-layout-flex wp-container-core-columns-is-layout-28f84493 wp-block-columns-is-layout-flex\">\n<div class=\"wp-block-column is-layout-flow wp-block-column-is-layout-flow\" style=\"flex-basis:10%\">\n<p><strong>2025\/02\/03<\/strong><\/p>\n<\/div>\n\n\n\n<div class=\"wp-block-column is-layout-flow wp-block-column-is-layout-flow\" style=\"flex-basis:90%\">\n<p><strong>IIPE EXTENDED COLLEGIUM STATEMENT<\/strong><\/p>\n<\/div>\n<\/div>\n\n\n\n<p>The extended collegium of the Institute of International Politics and Economics has issued a statement in support of the student protests (<a title=\"available on the publisher's page &#x2013; IMPP\" href=\"https:\/\/www.diplomacy.bg.ac.rs\/wp-content\/uploads\/2025\/02\/Saopsenje-za-javnost-03.02.2025.pdf\" target=\"_blank\" rel=\"noopener\">available on the publisher&#8217;s page \u2013 IMPP<\/a>).<\/p>\n<\/div>\n\n<div class=\"wp-block-group has-palette-color-5-background-color has-background is-layout-constrained wp-container-core-group-is-layout-19e250f3 wp-block-group-is-layout-constrained\">\n<div class=\"wp-block-columns is-layout-flex wp-container-core-columns-is-layout-28f84493 wp-block-columns-is-layout-flex\">\n<div class=\"wp-block-column is-layout-flow wp-block-column-is-layout-flow\" style=\"flex-basis:10%\">\n<p><strong>2024\/12\/31<\/strong><\/p>\n<\/div>\n\n\n\n<div class=\"wp-block-column is-layout-flow wp-block-column-is-layout-flow\" style=\"flex-basis:90%\">\n<p><strong>ALL FOUR QUARTERLY ISSUES OF THE JOURNAL PUBLISHED AS PLANNED IN 2024<\/strong><\/p>\n<\/div>\n<\/div>\n\n\n\n<p>During 2024, as in previous years, all four issues of the Journal were published according to the quarterly publication schedule. The content is available <a title=\"here\" href=\"https:\/\/ip.web-team.org\/en\/archive\/\">here<\/a>.<\/p>\n<\/div>\n\n<div class=\"wp-block-group has-palette-color-5-background-color has-background is-layout-constrained wp-container-core-group-is-layout-19e250f3 wp-block-group-is-layout-constrained\">\n<div class=\"wp-block-columns is-layout-flex wp-container-core-columns-is-layout-28f84493 wp-block-columns-is-layout-flex\">\n<div class=\"wp-block-column is-layout-flow wp-block-column-is-layout-flow\" style=\"flex-basis:10%\">\n<p><strong>2024\/12\/13<\/strong><\/p>\n<\/div>\n\n\n\n<div class=\"wp-block-column is-layout-flow wp-block-column-is-layout-flow\" style=\"flex-basis:90%\">\n<p><strong>ANNUAL M23 CATEGORY MAINTAINED <\/strong><\/p>\n<\/div>\n<\/div>\n\n\n\n<p>The Ministry of Science, Technological Development and Innovation of the Republic of Serbia has maintained the journal\u2019s category (M23). International Problems remains the second highest-ranked national scientific journal in the field of international relations and the highest ranked journal published in Serbian language in this academic domain.<\/p>\n<\/div>\n\n<div class=\"wp-block-group has-palette-color-5-background-color has-background is-layout-constrained wp-container-core-group-is-layout-19e250f3 wp-block-group-is-layout-constrained\">\n<div class=\"wp-block-columns is-layout-flex wp-container-core-columns-is-layout-28f84493 wp-block-columns-is-layout-flex\">\n<div class=\"wp-block-column is-layout-flow wp-block-column-is-layout-flow\" style=\"flex-basis:10%\">\n<p><strong>2024\/10\/14<\/strong><\/p>\n<\/div>\n\n\n\n<div class=\"wp-block-column is-layout-flow wp-block-column-is-layout-flow\" style=\"flex-basis:90%\">\n<p><strong>EDITORIAL BOARD AND PUBLISHING COUNCIL CHANGES<\/strong><\/p>\n<\/div>\n<\/div>\n\n\n\n<p>There have been some individual changes regarding the composition of the <a title=\"Editorial Board\" href=\"https:\/\/ip.web-team.org\/en\/editorial-board\/\">Editorial Board<\/a> and the <a title=\"Publishing Council\" href=\"https:\/\/ip.web-team.org\/en\/publishing-council\/\">Publishing Council<\/a>.<\/p>\n<\/div>\n\n<div class=\"wp-block-group has-palette-color-5-background-color has-background is-layout-constrained wp-container-core-group-is-layout-19e250f3 wp-block-group-is-layout-constrained\">\n<div class=\"wp-block-columns is-layout-flex wp-container-core-columns-is-layout-28f84493 wp-block-columns-is-layout-flex\">\n<div class=\"wp-block-column is-layout-flow wp-block-column-is-layout-flow\" style=\"flex-basis:10%\">\n<p><strong>2024\/09\/30<\/strong><\/p>\n<\/div>\n\n\n\n<div class=\"wp-block-column is-layout-flow wp-block-column-is-layout-flow\" style=\"flex-basis:90%\">\n<p><strong>ONLINE INTERNATIONAL ROUNDTABLE WITH JOURNAL&#8217;S EXTERNAL ASSOCIATES<\/strong><\/p>\n<\/div>\n<\/div>\n\n\n\n<p>International roundtable was held with Journal&#8217;s external associates on the topic <a href=\"https:\/\/www.diplomacy.bg.ac.rs\/en\/2024\/09\/30\/international-roundtable-eu-enlargement-policy-between-idealism-and-realism\/\" target=\"_blank\" rel=\"noopener\">\u201cEU Enlargement Policy Between Idealism and Realism\u201c<\/a>. The panel was organized by IIPE and Hanns Seidel Foundation. <a href=\"https:\/\/ip.web-team.org\/wp-content\/uploads\/MP\/2024\/4\/MP-2024-4-article-4.pdf\">Manuscripts of Dr. Yorgos Christidis<\/a> and <a href=\"https:\/\/ip.web-team.org\/wp-content\/uploads\/MP\/2024\/4\/MP-2024-4-article-2.pdf\">Dr. Milenko Petrovic<\/a> were included in the last journal issue for 2024.<\/p>\n<\/div>\n\n<div class=\"wp-block-group has-palette-color-5-background-color has-background is-layout-constrained wp-container-core-group-is-layout-19e250f3 wp-block-group-is-layout-constrained\">\n<div class=\"wp-block-columns is-layout-flex wp-container-core-columns-is-layout-28f84493 wp-block-columns-is-layout-flex\">\n<div class=\"wp-block-column is-layout-flow wp-block-column-is-layout-flow\" style=\"flex-basis:10%\">\n<p><strong>2024\/09\/28<\/strong><\/p>\n<\/div>\n\n\n\n<div class=\"wp-block-column is-layout-flow wp-block-column-is-layout-flow\" style=\"flex-basis:90%\">\n<p><strong>THEMATIC JOURNAL ISSUE IN COOPERATION WITH FACULTY OF POLITICAL SCIENCES PUBLISHED<\/strong><\/p>\n<\/div>\n<\/div>\n\n\n\n<p>Third issue of the Journal for 2024, in cooperation with the Faculty of Political Sciences, University of Belgrade (project \u201cNational Interests of the republic of Serbia: from Contestation to Legitimation \u2013 NATIONAL(s)\u201d) <a href=\"https:\/\/ip.web-team.org\/wp-content\/uploads\/MP\/2024\/3\/2024-3.pdf\">has been published<\/a>.<\/p>\n<\/div>\n\n<div class=\"wp-block-group has-palette-color-5-background-color has-background is-layout-constrained wp-container-core-group-is-layout-19e250f3 wp-block-group-is-layout-constrained\">\n<div class=\"wp-block-columns is-layout-flex wp-container-core-columns-is-layout-28f84493 wp-block-columns-is-layout-flex\">\n<div class=\"wp-block-column is-layout-flow wp-block-column-is-layout-flow\" style=\"flex-basis:10%\">\n<p><strong>2024\/07\/09<\/strong><\/p>\n<\/div>\n\n\n\n<div class=\"wp-block-column is-layout-flow wp-block-column-is-layout-flow\" style=\"flex-basis:90%\">\n<p><strong>EDITORIAL TEAM CHANGES<\/strong><\/p>\n<\/div>\n<\/div>\n\n\n\n<p>The <a href=\"https:\/\/ip.web-team.org\/en\/editorial-team\/\">new Editorial Team<\/a> includes Dr. Milo\u0161 Petrovi\u0107 as Editor-in-Chief, Dr. Ivona La\u0111evac as Deputy Editor-in-Chief and Mr. Milan Veselica as Journal Secretary.<\/p>\n<\/div>\n\n<div class=\"wp-block-group has-palette-color-5-background-color has-background is-layout-constrained wp-container-core-group-is-layout-19e250f3 wp-block-group-is-layout-constrained\">\n<div class=\"wp-block-columns is-layout-flex wp-container-core-columns-is-layout-28f84493 wp-block-columns-is-layout-flex\">\n<div class=\"wp-block-column is-layout-flow wp-block-column-is-layout-flow\" style=\"flex-basis:10%\">\n<p><strong>2024\/05\/24<\/strong><\/p>\n<\/div>\n\n\n\n<div class=\"wp-block-column is-layout-flow wp-block-column-is-layout-flow\" style=\"flex-basis:90%\">\n<p><strong>JOURNAL&#8217;S 75TH ANNIVERSARY<\/strong><\/p>\n<\/div>\n<\/div>\n\n\n\n<p>On the occasion of the 75th anniversary of the continuous publication of the scientific journal International Problems, the Institute of International Politics and Economics and the Faculty of Political Sciences, University of Belgrade, organized a roundtable titled <a href=\"https:\/\/www.diplomacy.bg.ac.rs\/en\/2024\/05\/28\/the-round-table-theories-of-international-relations-then-and-now-was-held-on-the-occasion-of-the-75th-anniversary-of-the-journal-international-problems\/\">\u201cTheories of International Relations: Then and Now.\u201d<\/a> In honor of the journal\u2019s anniversary, and with the initiative and support of the editorial team members, <a href=\"https:\/\/www.diplomacy.bg.ac.rs\/en\/2025\/01\/29\/teorije-medjunarodnih-odnosa-nekad-i-sad\/\">a collection of papers presented at the national conference has been published (in Serbian)<\/a>. In addition, <a href=\"https:\/\/ip.web-team.org\/wp-content\/uploads\/MP\/2024\/4\/MP-2024-4-article-8.pdf\">a report\/review on the event was published in the Journal<\/a>.<\/p>\n<\/div>\n\n<div class=\"wp-block-group has-palette-color-5-background-color has-background is-layout-constrained wp-container-core-group-is-layout-19e250f3 wp-block-group-is-layout-constrained\">\n<div class=\"wp-block-columns is-layout-flex wp-container-core-columns-is-layout-28f84493 wp-block-columns-is-layout-flex\">\n<div class=\"wp-block-column is-layout-flow wp-block-column-is-layout-flow\" style=\"flex-basis:10%\">\n<p><strong>2024\/03\/29<\/strong><\/p>\n<\/div>\n\n\n\n<div class=\"wp-block-column is-layout-flow wp-block-column-is-layout-flow\" style=\"flex-basis:90%\">\n<p><strong>NEW COVER PAGE<\/strong><\/p>\n<\/div>\n<\/div>\n\n\n\n<p><a href=\"https:\/\/ip.web-team.org\/wp-content\/uploads\/MP\/2024\/1\/2024-1.pdf\">A new cover page, inspired by designs from earlier periods<\/a>, has been introduced to commemorate the recent 75th anniversary of the Journal\u2019s founding.<\/p>\n<\/div>\n\n<div class=\"wp-block-group has-palette-color-5-background-color has-background is-layout-constrained wp-container-core-group-is-layout-19e250f3 wp-block-group-is-layout-constrained\">\n<div class=\"wp-block-columns is-layout-flex wp-container-core-columns-is-layout-28f84493 wp-block-columns-is-layout-flex\">\n<div class=\"wp-block-column is-layout-flow wp-block-column-is-layout-flow\" style=\"flex-basis:10%\">\n<p><strong>2024\/02\/05<\/strong><\/p>\n<\/div>\n\n\n\n<div class=\"wp-block-column is-layout-flow wp-block-column-is-layout-flow\" style=\"flex-basis:90%\">\n<p><strong>INCLUSION INTO DOAJ (DIRECTORY OF OPEN ACCESS JOURNALS)<\/strong><\/p>\n<\/div>\n<\/div>\n\n\n\n<p>The journal \u201cInternational Problems (Medjunarodni problemi)\u201d <a href=\"https:\/\/www.diplomacy.bg.ac.rs\/en\/2024\/02\/08\/another-iipe-journal-included-in-the-doaj-list\/\" target=\"_blank\" rel=\"noopener\">published by the Institute of International Politics and Economics<\/a>, has been included in the prestigious Directory of Open Access Journals (DOAJ) as of February 5, 2024. Inclusion in this list, which gathers journals from 135 countries, signifies confirmation of the quality of editorial practices and contributes to the increased international visibility of the journal.<\/p>\n<\/div>\n\n<div class=\"wp-block-group has-palette-color-5-background-color has-background is-layout-constrained wp-container-core-group-is-layout-19e250f3 wp-block-group-is-layout-constrained\">\n<div class=\"wp-block-columns is-layout-flex wp-container-core-columns-is-layout-28f84493 wp-block-columns-is-layout-flex\">\n<div class=\"wp-block-column is-layout-flow wp-block-column-is-layout-flow\" style=\"flex-basis:10%\">\n<p><strong>2023\/12\/29<\/strong><\/p>\n<\/div>\n\n\n\n<div class=\"wp-block-column is-layout-flow wp-block-column-is-layout-flow\" style=\"flex-basis:90%\">\n<p><strong>ALL FOUR QUARTERLY ISSUES OF THE JOURNAL PUBLISHED AS PLANNED IN 2023<\/strong><\/p>\n<\/div>\n<\/div>\n\n\n\n<p>During 2023, as in previous years, all four issues of the Journal were published according to the quarterly publication dynamics. The content is available here.<\/p>\n<\/div>\n\n<div class=\"wp-block-group has-palette-color-5-background-color has-background is-layout-constrained wp-container-core-group-is-layout-19e250f3 wp-block-group-is-layout-constrained\">\n<div class=\"wp-block-columns is-layout-flex wp-container-core-columns-is-layout-28f84493 wp-block-columns-is-layout-flex\">\n<div class=\"wp-block-column is-layout-flow wp-block-column-is-layout-flow\" style=\"flex-basis:10%\">\n<p><strong>2023\/12\/26<\/strong><\/p>\n<\/div>\n\n\n\n<div class=\"wp-block-column is-layout-flow wp-block-column-is-layout-flow\" style=\"flex-basis:90%\">\n<p><strong>MINISTRY OF SCIENCE, TECHNOLOGICAL DEVELOPMENT AND INOVATION UPGRADES JOURNAL CATEGORY<\/strong><\/p>\n<\/div>\n<\/div>\n\n\n\n<p>The Ministry of Science, Technological Development and Innovation of the Republic of Serbia has upgraded the journal\u2019s category to M23. International Problems is the second highest-ranked national scientific journal in the field of international relations and the highest ranked journal published in Serbian language in this academic domain. <\/p>\n<\/div>\n\n<div class=\"wp-block-group has-palette-color-5-background-color has-background is-layout-constrained wp-container-core-group-is-layout-19e250f3 wp-block-group-is-layout-constrained\">\n<div class=\"wp-block-columns is-layout-flex wp-container-core-columns-is-layout-28f84493 wp-block-columns-is-layout-flex\">\n<div class=\"wp-block-column is-layout-flow wp-block-column-is-layout-flow\" style=\"flex-basis:10%\">\n<p><strong>2023\/11\/30<\/strong><\/p>\n<\/div>\n\n\n\n<div class=\"wp-block-column is-layout-flow wp-block-column-is-layout-flow\" style=\"flex-basis:90%\">\n<p><strong>1949 ISSUES ADDED TO THE DIGITAL ARCHIVE<\/strong><\/p>\n<\/div>\n<\/div>\n\n\n\n<p>In anticipation of the Journal&#8217;s 75th anniversary of uninterrupted publishing, in April 2024, the first four issues, originally published in 1949, have been digitized (<a href=\"https:\/\/ip.web-team.org\/en\/archive-1949\/\">available in Serbian here<\/a>).<\/p>\n<\/div>\n\n<div class=\"wp-block-group has-palette-color-5-background-color has-background is-layout-constrained wp-container-core-group-is-layout-19e250f3 wp-block-group-is-layout-constrained\">\n<div class=\"wp-block-columns is-layout-flex wp-container-core-columns-is-layout-28f84493 wp-block-columns-is-layout-flex\">\n<div class=\"wp-block-column is-layout-flow wp-block-column-is-layout-flow\" style=\"flex-basis:10%\">\n<p><strong>2023\/10\/31<\/strong><\/p>\n<\/div>\n\n\n\n<div class=\"wp-block-column is-layout-flow wp-block-column-is-layout-flow\" style=\"flex-basis:90%\">\n<p><strong>ONLINE INTERNATIONAL ROUNDTABLE WITH JOURNAL&#8217;S EXTERNAL ASSOCIATES<\/strong><\/p>\n<\/div>\n<\/div>\n\n\n\n<p>IIPE, in collaboration with the Hanns Seidel Foundation, organized an international online roundtable on the topic of EU enlargement policy and the Western Balkans in the context of new geopolitical developments. The presentations by <a href=\"https:\/\/ip.web-team.org\/en\/archive\/#volumes\">dr Griessler, dr Bence Balazs and prof. Daskalovski have been published in the Journal<\/a>.<\/p>\n<\/div>\n\n<div class=\"wp-block-group has-palette-color-5-background-color has-background is-layout-constrained wp-container-core-group-is-layout-19e250f3 wp-block-group-is-layout-constrained\">\n<div class=\"wp-block-columns is-layout-flex wp-container-core-columns-is-layout-28f84493 wp-block-columns-is-layout-flex\">\n<div class=\"wp-block-column is-layout-flow wp-block-column-is-layout-flow\" style=\"flex-basis:10%\">\n<p><strong>2023\/03\/15<\/strong><\/p>\n<\/div>\n\n\n\n<div class=\"wp-block-column is-layout-flow wp-block-column-is-layout-flow\" style=\"flex-basis:90%\">\n<p><strong>INCLUSION INTO ERIH PLUS LIST<\/strong><\/p>\n<\/div>\n<\/div>\n\n\n\n<p>The journal has been <a href=\"https:\/\/www.diplomacy.bg.ac.rs\/en\/2023\/03\/15\/medjunarodni-problemi-international-problems-on-the-erih-plus-list\/\" target=\"_blank\" rel=\"noopener\">included in the ERIH PLUS<\/a> list of scientific journals.<\/p>\n<\/div>\n","protected":false},"excerpt":{"rendered":"<p>Announcements 2025\/08\/29 AI USAGE STATEMENT ADOPTED AI Usage Statement adopted. 2025\/07\/01 LINKEDIN ACCOUNT ESTABLISHED The Journal&#8217;s official LinkedIn account has been established. 2025\/06\/02 VISUAL UPDATES TO THE WEBSITE AND THE JOURNAL COVER PAGE The official website of the Journal has been further visually and graphically improved. Additionally, the cover page of the Journal has been [&hellip;]<\/p>\n","protected":false},"author":1,"featured_media":0,"parent":0,"menu_order":0,"comment_status":"closed","ping_status":"closed","template":"","meta":{"_monsterinsights_skip_tracking":false,"_monsterinsights_sitenote_active":false,"_monsterinsights_sitenote_note":"","_monsterinsights_sitenote_category":0,"_themeisle_gutenberg_block_has_review":false,"footnotes":""},"class_list":["post-2050","page","type-page","status-publish","hentry"],"blocksy_meta":[],"_links":{"self":[{"href":"https:\/\/ip.web-team.org\/en\/wp-json\/wp\/v2\/pages\/2050","targetHints":{"allow":["GET"]}}],"collection":[{"href":"https:\/\/ip.web-team.org\/en\/wp-json\/wp\/v2\/pages"}],"about":[{"href":"https:\/\/ip.web-team.org\/en\/wp-json\/wp\/v2\/types\/page"}],"author":[{"embeddable":true,"href":"https:\/\/ip.web-team.org\/en\/wp-json\/wp\/v2\/users\/1"}],"replies":[{"embeddable":true,"href":"https:\/\/ip.web-team.org\/en\/wp-json\/wp\/v2\/comments?post=2050"}],"version-history":[{"count":4,"href":"https:\/\/ip.web-team.org\/en\/wp-json\/wp\/v2\/pages\/2050\/revisions"}],"predecessor-version":[{"id":2143,"href":"https:\/\/ip.web-team.org\/en\/wp-json\/wp\/v2\/pages\/2050\/revisions\/2143"}],"wp:attachment":[{"href":"https:\/\/ip.web-team.org\/en\/wp-json\/wp\/v2\/media?parent=2050"}],"curies":[{"name":"wp","href":"https:\/\/api.w.org\/{rel}","templated":true}]}}